{"id":4538,"date":"2023-11-10T11:17:27","date_gmt":"2023-11-10T11:17:27","guid":{"rendered":"https:\/\/2bfree.org\/doneaza\/pagina-de-multumire\/"},"modified":"2024-03-30T15:23:49","modified_gmt":"2024-03-30T15:23:49","slug":"pagina-de-multumire","status":"publish","type":"page","link":"https:\/\/2bfree.org\/ro\/doneaza-3\/pagina-de-multumire\/","title":{"rendered":"Pagina de mul\u021bumire"},"content":{"rendered":"\t\t<div data-elementor-type=\"wp-page\" data-elementor-id=\"4538\" class=\"elementor elementor-4538 elementor-2002\" data-elementor-post-type=\"page\">\n\t\t\t\t\t\t<section class=\"elementor-section elementor-top-section elementor-element elementor-element-3ae1815 elementor-section-boxed elementor-section-height-default elementor-section-height-default\" data-id=\"3ae1815\" data-element_type=\"section\" data-e-type=\"section\" data-settings=\"{&quot;background_background&quot;:&quot;classic&quot;}\">\n\t\t\t\t\t\t<div class=\"elementor-container elementor-column-gap-default\">\n\t\t\t\t\t<div class=\"elementor-column elementor-col-50 elementor-top-column elementor-element elementor-element-63378ce\" data-id=\"63378ce\" data-element_type=\"column\" data-e-type=\"column\">\n\t\t\t<div class=\"elementor-widget-wrap elementor-element-populated\">\n\t\t\t\t\t\t<div class=\"elementor-element elementor-element-e52c2da elementor-widget elementor-widget-heading\" data-id=\"e52c2da\" data-element_type=\"widget\" data-e-type=\"widget\" data-widget_type=\"heading.default\">\n\t\t\t\t<div class=\"elementor-widget-container\">\n\t\t\t\t\t<h2 class=\"elementor-heading-title elementor-size-default\">V\u0103 mul\u021bumesc!<\/h2>\t\t\t\t<\/div>\n\t\t\t\t<\/div>\n\t\t\t\t<div class=\"elementor-element elementor-element-d28e5ee elementor-widget elementor-widget-text-editor\" data-id=\"d28e5ee\" data-element_type=\"widget\" data-e-type=\"widget\" data-widget_type=\"text-editor.default\">\n\t\t\t\t<div class=\"elementor-widget-container\">\n\t\t\t\t\t\t\t\t\t<p>\u00cen fiecare zi, ne angaj\u0103m s\u0103 eliber\u0103m \u0219i s\u0103 recuper\u0103m femeile care au fost victime ale traficului de persoane \u0219i ale altor nedrept\u0103\u021bi. Sprijinul dumneavoastr\u0103 ne permite s\u0103 continu\u0103m s\u0103 facem aceast\u0103 munc\u0103.  <\/p>\n\t\t\t\t\t\t\t\t<\/div>\n\t\t\t\t<\/div>\n\t\t\t\t\t<\/div>\n\t\t<\/div>\n\t\t\t\t<div class=\"elementor-column elementor-col-50 elementor-top-column elementor-element elementor-element-7553315 elementor-hidden-tablet elementor-hidden-mobile\" data-id=\"7553315\" data-element_type=\"column\" data-e-type=\"column\">\n\t\t\t<div class=\"elementor-widget-wrap\">\n\t\t\t\t\t\t\t<\/div>\n\t\t<\/div>\n\t\t\t\t\t<\/div>\n\t\t<\/section>\n\t\t\t\t<\/div>\n\t\t","protected":false},"excerpt":{"rendered":"<p>V\u0103 mul\u021bumesc! \u00cen fiecare zi, ne angaj\u0103m s\u0103 eliber\u0103m \u0219i s\u0103 recuper\u0103m femeile care au fost victime ale traficului de persoane \u0219i ale altor nedrept\u0103\u021bi. Sprijinul dumneavoastr\u0103 ne permite s\u0103 continu\u0103m s\u0103 facem aceast\u0103 munc\u0103.<\/p>\n","protected":false},"author":1,"featured_media":0,"parent":5752,"menu_order":0,"comment_status":"closed","ping_status":"closed","template":"","meta":{"footnotes":""},"class_list":["post-4538","page","type-page","status-publish","hentry"],"yoast_head":"<!-- This site is optimized with the Yoast SEO plugin v27.4 - https:\/\/yoast.com\/product\/yoast-seo-wordpress\/ -->\n<title>Pagina de mul\u021bumire - 2bfree<\/title>\n<meta name=\"robots\" content=\"index, follow, max-snippet:-1, max-image-preview:large, max-video-preview:-1\" \/>\n<link rel=\"canonical\" href=\"https:\/\/2bfree.org\/ro\/doneaza-3\/pagina-de-multumire\/\" \/>\n<meta property=\"og:locale\" content=\"ro_RO\" \/>\n<meta property=\"og:type\" content=\"article\" \/>\n<meta property=\"og:title\" content=\"Pagina de mul\u021bumire - 2bfree\" \/>\n<meta property=\"og:description\" content=\"V\u0103 mul\u021bumesc! \u00cen fiecare zi, ne angaj\u0103m s\u0103 eliber\u0103m \u0219i s\u0103 recuper\u0103m femeile care au fost victime ale traficului de persoane \u0219i ale altor nedrept\u0103\u021bi. Sprijinul dumneavoastr\u0103 ne permite s\u0103 continu\u0103m s\u0103 facem aceast\u0103 munc\u0103.\" \/>\n<meta property=\"og:url\" content=\"https:\/\/2bfree.org\/ro\/doneaza-3\/pagina-de-multumire\/\" \/>\n<meta property=\"og:site_name\" content=\"2bfree\" \/>\n<meta property=\"article:modified_time\" content=\"2024-03-30T15:23:49+00:00\" \/>\n<meta name=\"twitter:card\" content=\"summary_large_image\" \/>\n<script type=\"application\/ld+json\" class=\"yoast-schema-graph\">{\"@context\":\"https:\\\/\\\/schema.org\",\"@graph\":[{\"@type\":\"WebPage\",\"@id\":\"https:\\\/\\\/2bfree.org\\\/ro\\\/doneaza-3\\\/pagina-de-multumire\\\/\",\"url\":\"https:\\\/\\\/2bfree.org\\\/ro\\\/doneaza-3\\\/pagina-de-multumire\\\/\",\"name\":\"Pagina de mul\u021bumire - 2bfree\",\"isPartOf\":{\"@id\":\"https:\\\/\\\/2bfree.org\\\/ro\\\/#website\"},\"datePublished\":\"2023-11-10T11:17:27+00:00\",\"dateModified\":\"2024-03-30T15:23:49+00:00\",\"breadcrumb\":{\"@id\":\"https:\\\/\\\/2bfree.org\\\/ro\\\/doneaza-3\\\/pagina-de-multumire\\\/#breadcrumb\"},\"inLanguage\":\"ro-RO\",\"potentialAction\":[{\"@type\":\"ReadAction\",\"target\":[\"https:\\\/\\\/2bfree.org\\\/ro\\\/doneaza-3\\\/pagina-de-multumire\\\/\"]}]},{\"@type\":\"BreadcrumbList\",\"@id\":\"https:\\\/\\\/2bfree.org\\\/ro\\\/doneaza-3\\\/pagina-de-multumire\\\/#breadcrumb\",\"itemListElement\":[{\"@type\":\"ListItem\",\"position\":1,\"name\":\"Home\",\"item\":\"https:\\\/\\\/2bfree.org\\\/ro\\\/\"},{\"@type\":\"ListItem\",\"position\":2,\"name\":\"Doneaz\u0103\",\"item\":\"https:\\\/\\\/2bfree.org\\\/ro\\\/doneaza\\\/\"},{\"@type\":\"ListItem\",\"position\":3,\"name\":\"Pagina de mul\u021bumire\"}]},{\"@type\":\"WebSite\",\"@id\":\"https:\\\/\\\/2bfree.org\\\/ro\\\/#website\",\"url\":\"https:\\\/\\\/2bfree.org\\\/ro\\\/\",\"name\":\"2bfree\",\"description\":\"\",\"publisher\":{\"@id\":\"https:\\\/\\\/2bfree.org\\\/ro\\\/#organization\"},\"potentialAction\":[{\"@type\":\"SearchAction\",\"target\":{\"@type\":\"EntryPoint\",\"urlTemplate\":\"https:\\\/\\\/2bfree.org\\\/ro\\\/?s={search_term_string}\"},\"query-input\":{\"@type\":\"PropertyValueSpecification\",\"valueRequired\":true,\"valueName\":\"search_term_string\"}}],\"inLanguage\":\"ro-RO\"},{\"@type\":\"Organization\",\"@id\":\"https:\\\/\\\/2bfree.org\\\/ro\\\/#organization\",\"name\":\"2bfree\",\"url\":\"https:\\\/\\\/2bfree.org\\\/ro\\\/\",\"logo\":{\"@type\":\"ImageObject\",\"inLanguage\":\"ro-RO\",\"@id\":\"https:\\\/\\\/2bfree.org\\\/ro\\\/#\\\/schema\\\/logo\\\/image\\\/\",\"url\":\"https:\\\/\\\/2bfree.org\\\/wp-content\\\/uploads\\\/2023\\\/12\\\/2bfree_header_mobile_Facebook_Insta_profiel.png\",\"contentUrl\":\"https:\\\/\\\/2bfree.org\\\/wp-content\\\/uploads\\\/2023\\\/12\\\/2bfree_header_mobile_Facebook_Insta_profiel.png\",\"width\":170,\"height\":170,\"caption\":\"2bfree\"},\"image\":{\"@id\":\"https:\\\/\\\/2bfree.org\\\/ro\\\/#\\\/schema\\\/logo\\\/image\\\/\"}}]}<\/script>\n<!-- \/ Yoast SEO plugin. -->","yoast_head_json":{"title":"Pagina de mul\u021bumire - 2bfree","robots":{"index":"index","follow":"follow","max-snippet":"max-snippet:-1","max-image-preview":"max-image-preview:large","max-video-preview":"max-video-preview:-1"},"canonical":"https:\/\/2bfree.org\/ro\/doneaza-3\/pagina-de-multumire\/","og_locale":"ro_RO","og_type":"article","og_title":"Pagina de mul\u021bumire - 2bfree","og_description":"V\u0103 mul\u021bumesc! \u00cen fiecare zi, ne angaj\u0103m s\u0103 eliber\u0103m \u0219i s\u0103 recuper\u0103m femeile care au fost victime ale traficului de persoane \u0219i ale altor nedrept\u0103\u021bi. Sprijinul dumneavoastr\u0103 ne permite s\u0103 continu\u0103m s\u0103 facem aceast\u0103 munc\u0103.","og_url":"https:\/\/2bfree.org\/ro\/doneaza-3\/pagina-de-multumire\/","og_site_name":"2bfree","article_modified_time":"2024-03-30T15:23:49+00:00","twitter_card":"summary_large_image","schema":{"@context":"https:\/\/schema.org","@graph":[{"@type":"WebPage","@id":"https:\/\/2bfree.org\/ro\/doneaza-3\/pagina-de-multumire\/","url":"https:\/\/2bfree.org\/ro\/doneaza-3\/pagina-de-multumire\/","name":"Pagina de mul\u021bumire - 2bfree","isPartOf":{"@id":"https:\/\/2bfree.org\/ro\/#website"},"datePublished":"2023-11-10T11:17:27+00:00","dateModified":"2024-03-30T15:23:49+00:00","breadcrumb":{"@id":"https:\/\/2bfree.org\/ro\/doneaza-3\/pagina-de-multumire\/#breadcrumb"},"inLanguage":"ro-RO","potentialAction":[{"@type":"ReadAction","target":["https:\/\/2bfree.org\/ro\/doneaza-3\/pagina-de-multumire\/"]}]},{"@type":"BreadcrumbList","@id":"https:\/\/2bfree.org\/ro\/doneaza-3\/pagina-de-multumire\/#breadcrumb","itemListElement":[{"@type":"ListItem","position":1,"name":"Home","item":"https:\/\/2bfree.org\/ro\/"},{"@type":"ListItem","position":2,"name":"Doneaz\u0103","item":"https:\/\/2bfree.org\/ro\/doneaza\/"},{"@type":"ListItem","position":3,"name":"Pagina de mul\u021bumire"}]},{"@type":"WebSite","@id":"https:\/\/2bfree.org\/ro\/#website","url":"https:\/\/2bfree.org\/ro\/","name":"2bfree","description":"","publisher":{"@id":"https:\/\/2bfree.org\/ro\/#organization"},"potentialAction":[{"@type":"SearchAction","target":{"@type":"EntryPoint","urlTemplate":"https:\/\/2bfree.org\/ro\/?s={search_term_string}"},"query-input":{"@type":"PropertyValueSpecification","valueRequired":true,"valueName":"search_term_string"}}],"inLanguage":"ro-RO"},{"@type":"Organization","@id":"https:\/\/2bfree.org\/ro\/#organization","name":"2bfree","url":"https:\/\/2bfree.org\/ro\/","logo":{"@type":"ImageObject","inLanguage":"ro-RO","@id":"https:\/\/2bfree.org\/ro\/#\/schema\/logo\/image\/","url":"https:\/\/2bfree.org\/wp-content\/uploads\/2023\/12\/2bfree_header_mobile_Facebook_Insta_profiel.png","contentUrl":"https:\/\/2bfree.org\/wp-content\/uploads\/2023\/12\/2bfree_header_mobile_Facebook_Insta_profiel.png","width":170,"height":170,"caption":"2bfree"},"image":{"@id":"https:\/\/2bfree.org\/ro\/#\/schema\/logo\/image\/"}}]}},"_links":{"self":[{"href":"https:\/\/2bfree.org\/ro\/wp-json\/wp\/v2\/pages\/4538","targetHints":{"allow":["GET"]}}],"collection":[{"href":"https:\/\/2bfree.org\/ro\/wp-json\/wp\/v2\/pages"}],"about":[{"href":"https:\/\/2bfree.org\/ro\/wp-json\/wp\/v2\/types\/page"}],"author":[{"embeddable":true,"href":"https:\/\/2bfree.org\/ro\/wp-json\/wp\/v2\/users\/1"}],"replies":[{"embeddable":true,"href":"https:\/\/2bfree.org\/ro\/wp-json\/wp\/v2\/comments?post=4538"}],"version-history":[{"count":2,"href":"https:\/\/2bfree.org\/ro\/wp-json\/wp\/v2\/pages\/4538\/revisions"}],"predecessor-version":[{"id":4567,"href":"https:\/\/2bfree.org\/ro\/wp-json\/wp\/v2\/pages\/4538\/revisions\/4567"}],"up":[{"embeddable":true,"href":"https:\/\/2bfree.org\/ro\/wp-json\/wp\/v2\/pages\/5752"}],"wp:attachment":[{"href":"https:\/\/2bfree.org\/ro\/wp-json\/wp\/v2\/media?parent=4538"}],"curies":[{"name":"wp","href":"https:\/\/api.w.org\/{rel}","templated":true}]}}