{"id":4564,"date":"2023-11-10T11:17:27","date_gmt":"2023-11-10T11:17:27","guid":{"rendered":"https:\/\/2bfree.org\/darowizna\/strona-z-podziekowaniami\/"},"modified":"2024-03-30T15:23:46","modified_gmt":"2024-03-30T15:23:46","slug":"strona-z-podziekowaniami","status":"publish","type":"page","link":"https:\/\/2bfree.org\/pl\/darowizna-3\/strona-z-podziekowaniami\/","title":{"rendered":"Strona z podzi\u0119kowaniami"},"content":{"rendered":"\t\t<div data-elementor-type=\"wp-page\" data-elementor-id=\"4564\" class=\"elementor elementor-4564 elementor-2002\" data-elementor-post-type=\"page\">\n\t\t\t\t\t\t<section class=\"elementor-section elementor-top-section elementor-element elementor-element-3ae1815 elementor-section-boxed elementor-section-height-default elementor-section-height-default\" data-id=\"3ae1815\" data-element_type=\"section\" data-e-type=\"section\" data-settings=\"{&quot;background_background&quot;:&quot;classic&quot;}\">\n\t\t\t\t\t\t<div class=\"elementor-container elementor-column-gap-default\">\n\t\t\t\t\t<div class=\"elementor-column elementor-col-50 elementor-top-column elementor-element elementor-element-63378ce\" data-id=\"63378ce\" data-element_type=\"column\" data-e-type=\"column\">\n\t\t\t<div class=\"elementor-widget-wrap elementor-element-populated\">\n\t\t\t\t\t\t<div class=\"elementor-element elementor-element-e52c2da elementor-widget elementor-widget-heading\" data-id=\"e52c2da\" data-element_type=\"widget\" data-e-type=\"widget\" data-widget_type=\"heading.default\">\n\t\t\t\t<div class=\"elementor-widget-container\">\n\t\t\t\t\t<h2 class=\"elementor-heading-title elementor-size-default\">Dzi\u0119kuj\u0119!<\/h2>\t\t\t\t<\/div>\n\t\t\t\t<\/div>\n\t\t\t\t<div class=\"elementor-element elementor-element-d28e5ee elementor-widget elementor-widget-text-editor\" data-id=\"d28e5ee\" data-element_type=\"widget\" data-e-type=\"widget\" data-widget_type=\"text-editor.default\">\n\t\t\t\t<div class=\"elementor-widget-container\">\n\t\t\t\t\t\t\t\t\t<p>Ka\u017cdego dnia anga\u017cujemy si\u0119 na rzecz wolno\u015bci i powrotu do zdrowia kobiet, kt\u00f3re pad\u0142y ofiar\u0105 handlu lud\u017ami i innych niesprawiedliwo\u015bci. Twoje wsparcie pozwala nam kontynuowa\u0107 t\u0119 prac\u0119.  <\/p>\n\t\t\t\t\t\t\t\t<\/div>\n\t\t\t\t<\/div>\n\t\t\t\t\t<\/div>\n\t\t<\/div>\n\t\t\t\t<div class=\"elementor-column elementor-col-50 elementor-top-column elementor-element elementor-element-7553315 elementor-hidden-tablet elementor-hidden-mobile\" data-id=\"7553315\" data-element_type=\"column\" data-e-type=\"column\">\n\t\t\t<div class=\"elementor-widget-wrap\">\n\t\t\t\t\t\t\t<\/div>\n\t\t<\/div>\n\t\t\t\t\t<\/div>\n\t\t<\/section>\n\t\t\t\t<\/div>\n\t\t","protected":false},"excerpt":{"rendered":"<p>Dzi\u0119kuj\u0119! Ka\u017cdego dnia anga\u017cujemy si\u0119 na rzecz wolno\u015bci i powrotu do zdrowia kobiet, kt\u00f3re pad\u0142y ofiar\u0105 handlu lud\u017ami i innych niesprawiedliwo\u015bci. Twoje wsparcie pozwala nam kontynuowa\u0107 t\u0119 prac\u0119.<\/p>\n","protected":false},"author":1,"featured_media":0,"parent":5751,"menu_order":0,"comment_status":"closed","ping_status":"closed","template":"","meta":{"footnotes":""},"class_list":["post-4564","page","type-page","status-publish","hentry"],"yoast_head":"<!-- This site is optimized with the Yoast SEO plugin v27.4 - https:\/\/yoast.com\/product\/yoast-seo-wordpress\/ -->\n<title>Strona z podzi\u0119kowaniami - 2bfree<\/title>\n<meta name=\"robots\" content=\"index, follow, max-snippet:-1, max-image-preview:large, max-video-preview:-1\" \/>\n<link rel=\"canonical\" href=\"https:\/\/2bfree.org\/pl\/darowizna-3\/strona-z-podziekowaniami\/\" \/>\n<meta property=\"og:locale\" content=\"pl_PL\" \/>\n<meta property=\"og:type\" content=\"article\" \/>\n<meta property=\"og:title\" content=\"Strona z podzi\u0119kowaniami - 2bfree\" \/>\n<meta property=\"og:description\" content=\"Dzi\u0119kuj\u0119! Ka\u017cdego dnia anga\u017cujemy si\u0119 na rzecz wolno\u015bci i powrotu do zdrowia kobiet, kt\u00f3re pad\u0142y ofiar\u0105 handlu lud\u017ami i innych niesprawiedliwo\u015bci. Twoje wsparcie pozwala nam kontynuowa\u0107 t\u0119 prac\u0119.\" \/>\n<meta property=\"og:url\" content=\"https:\/\/2bfree.org\/pl\/darowizna-3\/strona-z-podziekowaniami\/\" \/>\n<meta property=\"og:site_name\" content=\"2bfree\" \/>\n<meta property=\"article:modified_time\" content=\"2024-03-30T15:23:46+00:00\" \/>\n<meta name=\"twitter:card\" content=\"summary_large_image\" \/>\n<script type=\"application\/ld+json\" class=\"yoast-schema-graph\">{\"@context\":\"https:\\\/\\\/schema.org\",\"@graph\":[{\"@type\":\"WebPage\",\"@id\":\"https:\\\/\\\/2bfree.org\\\/pl\\\/darowizna-3\\\/strona-z-podziekowaniami\\\/\",\"url\":\"https:\\\/\\\/2bfree.org\\\/pl\\\/darowizna-3\\\/strona-z-podziekowaniami\\\/\",\"name\":\"Strona z podzi\u0119kowaniami - 2bfree\",\"isPartOf\":{\"@id\":\"https:\\\/\\\/2bfree.org\\\/pl\\\/#website\"},\"datePublished\":\"2023-11-10T11:17:27+00:00\",\"dateModified\":\"2024-03-30T15:23:46+00:00\",\"breadcrumb\":{\"@id\":\"https:\\\/\\\/2bfree.org\\\/pl\\\/darowizna-3\\\/strona-z-podziekowaniami\\\/#breadcrumb\"},\"inLanguage\":\"pl-PL\",\"potentialAction\":[{\"@type\":\"ReadAction\",\"target\":[\"https:\\\/\\\/2bfree.org\\\/pl\\\/darowizna-3\\\/strona-z-podziekowaniami\\\/\"]}]},{\"@type\":\"BreadcrumbList\",\"@id\":\"https:\\\/\\\/2bfree.org\\\/pl\\\/darowizna-3\\\/strona-z-podziekowaniami\\\/#breadcrumb\",\"itemListElement\":[{\"@type\":\"ListItem\",\"position\":1,\"name\":\"Home\",\"item\":\"https:\\\/\\\/2bfree.org\\\/pl\\\/\"},{\"@type\":\"ListItem\",\"position\":2,\"name\":\"Darowizna\",\"item\":\"https:\\\/\\\/2bfree.org\\\/pl\\\/darowizna\\\/\"},{\"@type\":\"ListItem\",\"position\":3,\"name\":\"Strona z podzi\u0119kowaniami\"}]},{\"@type\":\"WebSite\",\"@id\":\"https:\\\/\\\/2bfree.org\\\/pl\\\/#website\",\"url\":\"https:\\\/\\\/2bfree.org\\\/pl\\\/\",\"name\":\"2bfree\",\"description\":\"\",\"publisher\":{\"@id\":\"https:\\\/\\\/2bfree.org\\\/pl\\\/#organization\"},\"potentialAction\":[{\"@type\":\"SearchAction\",\"target\":{\"@type\":\"EntryPoint\",\"urlTemplate\":\"https:\\\/\\\/2bfree.org\\\/pl\\\/?s={search_term_string}\"},\"query-input\":{\"@type\":\"PropertyValueSpecification\",\"valueRequired\":true,\"valueName\":\"search_term_string\"}}],\"inLanguage\":\"pl-PL\"},{\"@type\":\"Organization\",\"@id\":\"https:\\\/\\\/2bfree.org\\\/pl\\\/#organization\",\"name\":\"2bfree\",\"url\":\"https:\\\/\\\/2bfree.org\\\/pl\\\/\",\"logo\":{\"@type\":\"ImageObject\",\"inLanguage\":\"pl-PL\",\"@id\":\"https:\\\/\\\/2bfree.org\\\/pl\\\/#\\\/schema\\\/logo\\\/image\\\/\",\"url\":\"https:\\\/\\\/2bfree.org\\\/wp-content\\\/uploads\\\/2023\\\/12\\\/2bfree_header_mobile_Facebook_Insta_profiel.png\",\"contentUrl\":\"https:\\\/\\\/2bfree.org\\\/wp-content\\\/uploads\\\/2023\\\/12\\\/2bfree_header_mobile_Facebook_Insta_profiel.png\",\"width\":170,\"height\":170,\"caption\":\"2bfree\"},\"image\":{\"@id\":\"https:\\\/\\\/2bfree.org\\\/pl\\\/#\\\/schema\\\/logo\\\/image\\\/\"}}]}<\/script>\n<!-- \/ Yoast SEO plugin. -->","yoast_head_json":{"title":"Strona z podzi\u0119kowaniami - 2bfree","robots":{"index":"index","follow":"follow","max-snippet":"max-snippet:-1","max-image-preview":"max-image-preview:large","max-video-preview":"max-video-preview:-1"},"canonical":"https:\/\/2bfree.org\/pl\/darowizna-3\/strona-z-podziekowaniami\/","og_locale":"pl_PL","og_type":"article","og_title":"Strona z podzi\u0119kowaniami - 2bfree","og_description":"Dzi\u0119kuj\u0119! Ka\u017cdego dnia anga\u017cujemy si\u0119 na rzecz wolno\u015bci i powrotu do zdrowia kobiet, kt\u00f3re pad\u0142y ofiar\u0105 handlu lud\u017ami i innych niesprawiedliwo\u015bci. Twoje wsparcie pozwala nam kontynuowa\u0107 t\u0119 prac\u0119.","og_url":"https:\/\/2bfree.org\/pl\/darowizna-3\/strona-z-podziekowaniami\/","og_site_name":"2bfree","article_modified_time":"2024-03-30T15:23:46+00:00","twitter_card":"summary_large_image","schema":{"@context":"https:\/\/schema.org","@graph":[{"@type":"WebPage","@id":"https:\/\/2bfree.org\/pl\/darowizna-3\/strona-z-podziekowaniami\/","url":"https:\/\/2bfree.org\/pl\/darowizna-3\/strona-z-podziekowaniami\/","name":"Strona z podzi\u0119kowaniami - 2bfree","isPartOf":{"@id":"https:\/\/2bfree.org\/pl\/#website"},"datePublished":"2023-11-10T11:17:27+00:00","dateModified":"2024-03-30T15:23:46+00:00","breadcrumb":{"@id":"https:\/\/2bfree.org\/pl\/darowizna-3\/strona-z-podziekowaniami\/#breadcrumb"},"inLanguage":"pl-PL","potentialAction":[{"@type":"ReadAction","target":["https:\/\/2bfree.org\/pl\/darowizna-3\/strona-z-podziekowaniami\/"]}]},{"@type":"BreadcrumbList","@id":"https:\/\/2bfree.org\/pl\/darowizna-3\/strona-z-podziekowaniami\/#breadcrumb","itemListElement":[{"@type":"ListItem","position":1,"name":"Home","item":"https:\/\/2bfree.org\/pl\/"},{"@type":"ListItem","position":2,"name":"Darowizna","item":"https:\/\/2bfree.org\/pl\/darowizna\/"},{"@type":"ListItem","position":3,"name":"Strona z podzi\u0119kowaniami"}]},{"@type":"WebSite","@id":"https:\/\/2bfree.org\/pl\/#website","url":"https:\/\/2bfree.org\/pl\/","name":"2bfree","description":"","publisher":{"@id":"https:\/\/2bfree.org\/pl\/#organization"},"potentialAction":[{"@type":"SearchAction","target":{"@type":"EntryPoint","urlTemplate":"https:\/\/2bfree.org\/pl\/?s={search_term_string}"},"query-input":{"@type":"PropertyValueSpecification","valueRequired":true,"valueName":"search_term_string"}}],"inLanguage":"pl-PL"},{"@type":"Organization","@id":"https:\/\/2bfree.org\/pl\/#organization","name":"2bfree","url":"https:\/\/2bfree.org\/pl\/","logo":{"@type":"ImageObject","inLanguage":"pl-PL","@id":"https:\/\/2bfree.org\/pl\/#\/schema\/logo\/image\/","url":"https:\/\/2bfree.org\/wp-content\/uploads\/2023\/12\/2bfree_header_mobile_Facebook_Insta_profiel.png","contentUrl":"https:\/\/2bfree.org\/wp-content\/uploads\/2023\/12\/2bfree_header_mobile_Facebook_Insta_profiel.png","width":170,"height":170,"caption":"2bfree"},"image":{"@id":"https:\/\/2bfree.org\/pl\/#\/schema\/logo\/image\/"}}]}},"_links":{"self":[{"href":"https:\/\/2bfree.org\/pl\/wp-json\/wp\/v2\/pages\/4564","targetHints":{"allow":["GET"]}}],"collection":[{"href":"https:\/\/2bfree.org\/pl\/wp-json\/wp\/v2\/pages"}],"about":[{"href":"https:\/\/2bfree.org\/pl\/wp-json\/wp\/v2\/types\/page"}],"author":[{"embeddable":true,"href":"https:\/\/2bfree.org\/pl\/wp-json\/wp\/v2\/users\/1"}],"replies":[{"embeddable":true,"href":"https:\/\/2bfree.org\/pl\/wp-json\/wp\/v2\/comments?post=4564"}],"version-history":[{"count":1,"href":"https:\/\/2bfree.org\/pl\/wp-json\/wp\/v2\/pages\/4564\/revisions"}],"predecessor-version":[{"id":4619,"href":"https:\/\/2bfree.org\/pl\/wp-json\/wp\/v2\/pages\/4564\/revisions\/4619"}],"up":[{"embeddable":true,"href":"https:\/\/2bfree.org\/pl\/wp-json\/wp\/v2\/pages\/5751"}],"wp:attachment":[{"href":"https:\/\/2bfree.org\/pl\/wp-json\/wp\/v2\/media?parent=4564"}],"curies":[{"name":"wp","href":"https:\/\/api.w.org\/{rel}","templated":true}]}}